{"id":949,"date":"2024-12-19T20:01:47","date_gmt":"2024-12-19T19:01:47","guid":{"rendered":"https:\/\/marviajes.com.py\/?page_id=949"},"modified":"2025-06-20T19:48:56","modified_gmt":"2025-06-20T17:48:56","slug":"cruceros","status":"publish","type":"page","link":"https:\/\/marviajes.com.py\/index.php\/destinos\/cruceros\/","title":{"rendered":"CRUCEROS"},"content":{"rendered":"\t\t<div data-elementor-type=\"wp-page\" data-elementor-id=\"949\" class=\"elementor elementor-949\">\n\t\t\t\t<div class=\"elementor-element elementor-element-667483e e-flex e-con-boxed parallax_section_no qode_elementor_container_no e-con e-parent\" data-id=\"667483e\" data-element_type=\"container\" data-e-type=\"container\">\n\t\t\t\t\t<div class=\"e-con-inner\">\n\t\t<div class=\"elementor-element elementor-element-f274459 e-con-full e-flex parallax_section_no qode_elementor_container_no e-con e-child\" data-id=\"f274459\" data-element_type=\"container\" data-e-type=\"container\">\n\t\t\t\t<\/div>\n\t\t<div class=\"elementor-element elementor-element-9ebb0c1 e-con-full e-flex parallax_section_no qode_elementor_container_no e-con e-child\" data-id=\"9ebb0c1\" data-element_type=\"container\" data-e-type=\"container\">\n\t\t\t\t<div class=\"elementor-element elementor-element-fd653ba elementor-widget elementor-widget-qi_addons_for_elementor_section_title\" data-id=\"fd653ba\" data-element_type=\"widget\" data-e-type=\"widget\" data-widget_type=\"qi_addons_for_elementor_section_title.default\">\n\t\t\t\t<div class=\"elementor-widget-container\">\n\t\t\t\t\t<div class=\"qodef-shortcode qodef-m qodef-qi-section-title qodef-decoration--italic qodef-link--underline-draw qodef-subtitle-icon--left\">\n\t\t\t\t<h5 class=\"qodef-m-subtitle\">\n\t\tExperimenta los paseos en\t\t\t<\/h5>\n\t\t\t<h2 class=\"qodef-m-title\">\n\t\tCRUCEROS\t<\/h2>\n\t\t\t<div class=\"qodef-m-text\"><p style=\"text-align: justify\">Los cruceros ofrecen una variedad de entretenimiento para mantenerte entretenido durante todo el viaje. Disfruta de\u00a0<b>espect\u00e1culos de Broadway, conciertos, comedias, noches de trivia y mucho m\u00e1s.<\/b>\u00a0<b>Tambi\u00e9n hay muchas actividades para ni\u00f1os, como clubes para ni\u00f1os y piscinas<\/b>.<\/p><\/div>\n\t<\/div>\n\t\t\t\t<\/div>\n\t\t\t\t<\/div>\n\t\t\t\t<\/div>\n\t\t<div class=\"elementor-element elementor-element-ba2937a e-con-full e-flex parallax_section_no qode_elementor_container_no e-con e-child\" data-id=\"ba2937a\" data-element_type=\"container\" data-e-type=\"container\">\n\t\t\t\t<\/div>\n\t\t\t\t\t<\/div>\n\t\t\t\t<\/div>\n\t\t<div class=\"elementor-element elementor-element-10e15ca e-flex e-con-boxed parallax_section_no qode_elementor_container_no e-con e-parent\" data-id=\"10e15ca\" data-element_type=\"container\" data-e-type=\"container\">\n\t\t\t\t\t<div class=\"e-con-inner\">\n\t\t<div class=\"elementor-element elementor-element-8984a77 e-con-full e-flex parallax_section_no qode_elementor_container_no e-con e-child\" data-id=\"8984a77\" data-element_type=\"container\" data-e-type=\"container\">\n\t\t\t\t<div class=\"elementor-element elementor-element-19be17f elementor-widget elementor-widget-image\" data-id=\"19be17f\" data-element_type=\"widget\" data-e-type=\"widget\" data-widget_type=\"image.default\">\n\t\t\t\t<div class=\"elementor-widget-container\">\n\t\t\t\t\t\t\t\t\t\t\t\t\t\t\t\t<a href=\"https:\/\/i0.wp.com\/marviajes.com.py\/wp-content\/uploads\/2025\/05\/WhatsApp-Image-2025-05-06-at-11.00.36.jpeg\" data-elementor-open-lightbox=\"yes\" data-elementor-lightbox-title=\"WhatsApp Image 2025-05-06 at 11.00.36\" data-e-action-hash=\"#elementor-action%3Aaction%3Dlightbox%26settings%3DeyJpZCI6MTc5NCwidXJsIjoiaHR0cHM6XC9cL21hcnZpYWplcy5jb20ucHlcL3dwLWNvbnRlbnRcL3VwbG9hZHNcLzIwMjVcLzA1XC9XaGF0c0FwcC1JbWFnZS0yMDI1LTA1LTA2LWF0LTExLjAwLjM2LmpwZWcifQ%3D%3D\">\n\t\t\t\t\t\t\t<img fetchpriority=\"high\" decoding=\"async\" width=\"500\" height=\"500\" src=\"https:\/\/i0.wp.com\/marviajes.com.py\/wp-content\/uploads\/2025\/05\/WhatsApp-Image-2025-05-06-at-11.00.36.jpeg?resize=500%2C500&amp;ssl=1\" class=\"attachment-portfolio_masonry_regular size-portfolio_masonry_regular wp-image-1794\" alt=\"\" srcset=\"https:\/\/i0.wp.com\/marviajes.com.py\/wp-content\/uploads\/2025\/05\/WhatsApp-Image-2025-05-06-at-11.00.36.jpeg?resize=150%2C150&amp;ssl=1 150w, https:\/\/i0.wp.com\/marviajes.com.py\/wp-content\/uploads\/2025\/05\/WhatsApp-Image-2025-05-06-at-11.00.36.jpeg?resize=570%2C570&amp;ssl=1 570w, https:\/\/i0.wp.com\/marviajes.com.py\/wp-content\/uploads\/2025\/05\/WhatsApp-Image-2025-05-06-at-11.00.36.jpeg?resize=500%2C500&amp;ssl=1 500w, https:\/\/i0.wp.com\/marviajes.com.py\/wp-content\/uploads\/2025\/05\/WhatsApp-Image-2025-05-06-at-11.00.36.jpeg?resize=650%2C650&amp;ssl=1 650w\" sizes=\"(max-width: 500px) 100vw, 500px\" \/>\t\t\t\t\t\t\t\t<\/a>\n\t\t\t\t\t\t\t\t\t\t\t\t\t\t\t<\/div>\n\t\t\t\t<\/div>\n\t\t\t\t<\/div>\n\t\t<div class=\"elementor-element elementor-element-1f6a770 e-con-full e-flex parallax_section_no qode_elementor_container_no e-con e-child\" data-id=\"1f6a770\" data-element_type=\"container\" data-e-type=\"container\">\n\t\t\t\t<div class=\"elementor-element elementor-element-47cd8a2 elementor-widget elementor-widget-image\" data-id=\"47cd8a2\" data-element_type=\"widget\" data-e-type=\"widget\" data-widget_type=\"image.default\">\n\t\t\t\t<div class=\"elementor-widget-container\">\n\t\t\t\t\t\t\t\t\t\t\t\t\t\t\t\t<a href=\"https:\/\/i0.wp.com\/marviajes.com.py\/wp-content\/uploads\/2025\/06\/Cruceros-por-Panama.jpeg\" data-elementor-open-lightbox=\"yes\" data-elementor-lightbox-title=\"Cruceros por Panama\" data-e-action-hash=\"#elementor-action%3Aaction%3Dlightbox%26settings%3DeyJpZCI6MTkzMiwidXJsIjoiaHR0cHM6XC9cL21hcnZpYWplcy5jb20ucHlcL3dwLWNvbnRlbnRcL3VwbG9hZHNcLzIwMjVcLzA2XC9DcnVjZXJvcy1wb3ItUGFuYW1hLmpwZWcifQ%3D%3D\">\n\t\t\t\t\t\t\t<img decoding=\"async\" width=\"500\" height=\"500\" src=\"https:\/\/i0.wp.com\/marviajes.com.py\/wp-content\/uploads\/2025\/06\/Cruceros-por-Panama.jpeg?resize=500%2C500&amp;ssl=1\" class=\"attachment-portfolio_masonry_regular size-portfolio_masonry_regular wp-image-1932\" alt=\"\" srcset=\"https:\/\/i0.wp.com\/marviajes.com.py\/wp-content\/uploads\/2025\/06\/Cruceros-por-Panama.jpeg?resize=150%2C150&amp;ssl=1 150w, https:\/\/i0.wp.com\/marviajes.com.py\/wp-content\/uploads\/2025\/06\/Cruceros-por-Panama.jpeg?resize=570%2C570&amp;ssl=1 570w, https:\/\/i0.wp.com\/marviajes.com.py\/wp-content\/uploads\/2025\/06\/Cruceros-por-Panama.jpeg?resize=500%2C500&amp;ssl=1 500w, https:\/\/i0.wp.com\/marviajes.com.py\/wp-content\/uploads\/2025\/06\/Cruceros-por-Panama.jpeg?resize=650%2C650&amp;ssl=1 650w\" sizes=\"(max-width: 500px) 100vw, 500px\" \/>\t\t\t\t\t\t\t\t<\/a>\n\t\t\t\t\t\t\t\t\t\t\t\t\t\t\t<\/div>\n\t\t\t\t<\/div>\n\t\t\t\t<\/div>\n\t\t\t\t\t<\/div>\n\t\t\t\t<\/div>\n\t\t<div class=\"elementor-element elementor-element-0f142d1 e-flex e-con-boxed parallax_section_no qode_elementor_container_no e-con e-parent\" data-id=\"0f142d1\" data-element_type=\"container\" data-e-type=\"container\">\n\t\t\t\t\t<div class=\"e-con-inner\">\n\t\t\t\t<div class=\"elementor-element elementor-element-51e85d9 elementor-widget elementor-widget-text-editor\" data-id=\"51e85d9\" data-element_type=\"widget\" data-e-type=\"widget\" data-widget_type=\"text-editor.default\">\n\t\t\t\t<div class=\"elementor-widget-container\">\n\t\t\t\t\t\t\t\t\t<p><a href=\"https:\/\/marviajes.com.py\/\">VOLVER AL INICIO<\/a><\/p>\t\t\t\t\t\t\t\t<\/div>\n\t\t\t\t<\/div>\n\t\t\t\t\t<\/div>\n\t\t\t\t<\/div>\n\t\t\t\t<\/div>\n\t\t","protected":false},"excerpt":{"rendered":"<p>Experimenta los paseos en CRUCEROS Los cruceros ofrecen una variedad de entretenimiento para mantenerte entretenido durante todo el viaje. Disfruta de\u00a0espect\u00e1culos de Broadway, conciertos, comedias, noches de trivia y mucho m\u00e1s.\u00a0Tambi\u00e9n hay muchas actividades para ni\u00f1os, como clubes para ni\u00f1os y piscinas. VOLVER AL INICIO<\/p>\n","protected":false},"author":1,"featured_media":675,"parent":287,"menu_order":0,"comment_status":"closed","ping_status":"closed","template":"","meta":{"footnotes":""},"class_list":["post-949","page","type-page","status-publish","has-post-thumbnail","hentry"],"_links":{"self":[{"href":"https:\/\/marviajes.com.py\/index.php\/wp-json\/wp\/v2\/pages\/949","targetHints":{"allow":["GET"]}}],"collection":[{"href":"https:\/\/marviajes.com.py\/index.php\/wp-json\/wp\/v2\/pages"}],"about":[{"href":"https:\/\/marviajes.com.py\/index.php\/wp-json\/wp\/v2\/types\/page"}],"author":[{"embeddable":true,"href":"https:\/\/marviajes.com.py\/index.php\/wp-json\/wp\/v2\/users\/1"}],"replies":[{"embeddable":true,"href":"https:\/\/marviajes.com.py\/index.php\/wp-json\/wp\/v2\/comments?post=949"}],"version-history":[{"count":20,"href":"https:\/\/marviajes.com.py\/index.php\/wp-json\/wp\/v2\/pages\/949\/revisions"}],"predecessor-version":[{"id":1935,"href":"https:\/\/marviajes.com.py\/index.php\/wp-json\/wp\/v2\/pages\/949\/revisions\/1935"}],"up":[{"embeddable":true,"href":"https:\/\/marviajes.com.py\/index.php\/wp-json\/wp\/v2\/pages\/287"}],"wp:featuredmedia":[{"embeddable":true,"href":"https:\/\/marviajes.com.py\/index.php\/wp-json\/wp\/v2\/media\/675"}],"wp:attachment":[{"href":"https:\/\/marviajes.com.py\/index.php\/wp-json\/wp\/v2\/media?parent=949"}],"curies":[{"name":"wp","href":"https:\/\/api.w.org\/{rel}","templated":true}]}}