{"id":743,"date":"2024-12-18T21:09:42","date_gmt":"2024-12-18T20:09:42","guid":{"rendered":"https:\/\/marviajes.com.py\/?page_id=743"},"modified":"2025-01-08T15:31:06","modified_gmt":"2025-01-08T14:31:06","slug":"brasil","status":"publish","type":"page","link":"https:\/\/marviajes.com.py\/index.php\/destinos\/brasil\/","title":{"rendered":"BRASIL"},"content":{"rendered":"\t\t<div data-elementor-type=\"wp-page\" data-elementor-id=\"743\" class=\"elementor elementor-743\">\n\t\t\t\t<div class=\"elementor-element elementor-element-667483e e-flex e-con-boxed parallax_section_no qode_elementor_container_no e-con e-parent\" data-id=\"667483e\" data-element_type=\"container\" data-e-type=\"container\">\n\t\t\t\t\t<div class=\"e-con-inner\">\n\t\t<div class=\"elementor-element elementor-element-f274459 e-con-full e-flex parallax_section_no qode_elementor_container_no e-con e-child\" data-id=\"f274459\" data-element_type=\"container\" data-e-type=\"container\">\n\t\t\t\t<\/div>\n\t\t<div class=\"elementor-element elementor-element-9ebb0c1 e-con-full e-flex parallax_section_no qode_elementor_container_no e-con e-child\" data-id=\"9ebb0c1\" data-element_type=\"container\" data-e-type=\"container\">\n\t\t\t\t<div class=\"elementor-element elementor-element-fd653ba elementor-widget elementor-widget-qi_addons_for_elementor_section_title\" data-id=\"fd653ba\" data-element_type=\"widget\" data-e-type=\"widget\" data-widget_type=\"qi_addons_for_elementor_section_title.default\">\n\t\t\t\t<div class=\"elementor-widget-container\">\n\t\t\t\t\t<div class=\"qodef-shortcode qodef-m qodef-qi-section-title qodef-decoration--italic qodef-link--underline-draw qodef-subtitle-icon--left\">\n\t\t\t\t<h5 class=\"qodef-m-subtitle\">\n\t\ttu pr\u00f3ximo viaje a las playas de\t\t\t<\/h5>\n\t\t\t<h2 class=\"qodef-m-title\">\n\t\tBRASIL\t<\/h2>\n\t\t\t<div class=\"qodef-m-text\"><p style=\"text-align: justify\">Viajar a las playas de <a href=\"https:\/\/marviajes.com.py\/index.php\/destinos\/brasil\/\"><strong>Brasil<\/strong><\/a> es una experiencia inolvidable. Con nuestra agencia de viajes, te llevaremos a conocer algunas de las playas m\u00e1s hermosas y famosas de este maravilloso pa\u00eds. Desde las playas de Copacabana en R\u00edo de Janeiro, hasta las paradis\u00edacas playas del nordeste, te garantamos unas vacaciones llenas de sol, arena y diversi\u00f3n!<\/p><\/div>\n\t<\/div>\n\t\t\t\t<\/div>\n\t\t\t\t<\/div>\n\t\t\t\t<\/div>\n\t\t<div class=\"elementor-element elementor-element-ba2937a e-con-full e-flex parallax_section_no qode_elementor_container_no e-con e-child\" data-id=\"ba2937a\" data-element_type=\"container\" data-e-type=\"container\">\n\t\t\t\t<\/div>\n\t\t\t\t\t<\/div>\n\t\t\t\t<\/div>\n\t\t<div class=\"elementor-element elementor-element-10e15ca e-flex e-con-boxed parallax_section_no qode_elementor_container_no e-con e-parent\" data-id=\"10e15ca\" data-element_type=\"container\" data-e-type=\"container\">\n\t\t\t\t\t<div class=\"e-con-inner\">\n\t\t<div class=\"elementor-element elementor-element-8984a77 e-con-full e-flex parallax_section_no qode_elementor_container_no e-con e-child\" data-id=\"8984a77\" data-element_type=\"container\" data-e-type=\"container\">\n\t\t\t\t<div class=\"elementor-element elementor-element-968e056 elementor-widget elementor-widget-image\" data-id=\"968e056\" data-element_type=\"widget\" data-e-type=\"widget\" data-widget_type=\"image.default\">\n\t\t\t\t<div class=\"elementor-widget-container\">\n\t\t\t\t\t\t\t\t\t\t\t\t\t\t\t\t<a href=\"https:\/\/marviajes.com.py\/index.php\/destinos\/brasil\/brasil-terrestre\/\">\n\t\t\t\t\t\t\t<img decoding=\"async\" src=\"https:\/\/i0.wp.com\/marviajes.com.py\/wp-content\/uploads\/2025\/01\/btn-terrestre.png?fit=305%2C85&#038;ssl=1\" title=\"\" alt=\"terrestre\" loading=\"lazy\" \/>\t\t\t\t\t\t\t\t<\/a>\n\t\t\t\t\t\t\t\t\t\t\t\t\t\t\t<\/div>\n\t\t\t\t<\/div>\n\t\t\t\t<\/div>\n\t\t<div class=\"elementor-element elementor-element-1f6a770 e-con-full e-flex parallax_section_no qode_elementor_container_no e-con e-child\" data-id=\"1f6a770\" data-element_type=\"container\" data-e-type=\"container\">\n\t\t\t\t<div class=\"elementor-element elementor-element-3a9683e elementor-widget elementor-widget-image\" data-id=\"3a9683e\" data-element_type=\"widget\" data-e-type=\"widget\" data-widget_type=\"image.default\">\n\t\t\t\t<div class=\"elementor-widget-container\">\n\t\t\t\t\t\t\t\t\t\t\t\t\t\t\t\t<a href=\"https:\/\/marviajes.com.py\/index.php\/destinos\/brasil\/brasil-aereo\/\">\n\t\t\t\t\t\t\t<img decoding=\"async\" src=\"https:\/\/i0.wp.com\/marviajes.com.py\/wp-content\/uploads\/2025\/01\/btn-aereo.png?fit=305%2C85&#038;ssl=1\" title=\"\" alt=\"aereos\" loading=\"lazy\" \/>\t\t\t\t\t\t\t\t<\/a>\n\t\t\t\t\t\t\t\t\t\t\t\t\t\t\t<\/div>\n\t\t\t\t<\/div>\n\t\t\t\t<\/div>\n\t\t\t\t\t<\/div>\n\t\t\t\t<\/div>\n\t\t<div class=\"elementor-element elementor-element-0f142d1 e-flex e-con-boxed parallax_section_no qode_elementor_container_no e-con e-parent\" data-id=\"0f142d1\" data-element_type=\"container\" data-e-type=\"container\">\n\t\t\t\t\t<div class=\"e-con-inner\">\n\t\t\t\t<div class=\"elementor-element elementor-element-51e85d9 elementor-widget elementor-widget-text-editor\" data-id=\"51e85d9\" data-element_type=\"widget\" data-e-type=\"widget\" data-widget_type=\"text-editor.default\">\n\t\t\t\t<div class=\"elementor-widget-container\">\n\t\t\t\t\t\t\t\t\t<p><a href=\"https:\/\/marviajes.com.py\/\">VOLVER AL INICIO<\/a><\/p>\t\t\t\t\t\t\t\t<\/div>\n\t\t\t\t<\/div>\n\t\t\t\t\t<\/div>\n\t\t\t\t<\/div>\n\t\t\t\t<\/div>\n\t\t","protected":false},"excerpt":{"rendered":"<p>tu pr\u00f3ximo viaje a las playas de BRASIL Viajar a las playas de Brasil es una experiencia inolvidable. Con nuestra agencia de viajes, te llevaremos a conocer algunas de las playas m\u00e1s hermosas y famosas de este maravilloso pa\u00eds. Desde las playas de Copacabana en&#8230;<\/p>\n","protected":false},"author":1,"featured_media":744,"parent":287,"menu_order":0,"comment_status":"closed","ping_status":"closed","template":"","meta":{"footnotes":""},"class_list":["post-743","page","type-page","status-publish","has-post-thumbnail","hentry"],"_links":{"self":[{"href":"https:\/\/marviajes.com.py\/index.php\/wp-json\/wp\/v2\/pages\/743","targetHints":{"allow":["GET"]}}],"collection":[{"href":"https:\/\/marviajes.com.py\/index.php\/wp-json\/wp\/v2\/pages"}],"about":[{"href":"https:\/\/marviajes.com.py\/index.php\/wp-json\/wp\/v2\/types\/page"}],"author":[{"embeddable":true,"href":"https:\/\/marviajes.com.py\/index.php\/wp-json\/wp\/v2\/users\/1"}],"replies":[{"embeddable":true,"href":"https:\/\/marviajes.com.py\/index.php\/wp-json\/wp\/v2\/comments?post=743"}],"version-history":[{"count":13,"href":"https:\/\/marviajes.com.py\/index.php\/wp-json\/wp\/v2\/pages\/743\/revisions"}],"predecessor-version":[{"id":1104,"href":"https:\/\/marviajes.com.py\/index.php\/wp-json\/wp\/v2\/pages\/743\/revisions\/1104"}],"up":[{"embeddable":true,"href":"https:\/\/marviajes.com.py\/index.php\/wp-json\/wp\/v2\/pages\/287"}],"wp:featuredmedia":[{"embeddable":true,"href":"https:\/\/marviajes.com.py\/index.php\/wp-json\/wp\/v2\/media\/744"}],"wp:attachment":[{"href":"https:\/\/marviajes.com.py\/index.php\/wp-json\/wp\/v2\/media?parent=743"}],"curies":[{"name":"wp","href":"https:\/\/api.w.org\/{rel}","templated":true}]}}