{"id":2083,"date":"2025-09-09T19:26:06","date_gmt":"2025-09-09T17:26:06","guid":{"rendered":"https:\/\/marviajes.com.py\/?page_id=2083"},"modified":"2025-11-14T15:21:54","modified_gmt":"2025-11-14T14:21:54","slug":"viajes-todo-el-ano-via-aerea","status":"publish","type":"page","link":"https:\/\/marviajes.com.py\/index.php\/destinos\/viajes-todo-ano\/viajes-todo-el-ano-via-aerea\/","title":{"rendered":"VIAJES TODO EL A\u00d1O \u2708"},"content":{"rendered":"\t\t<div data-elementor-type=\"wp-page\" data-elementor-id=\"2083\" class=\"elementor elementor-2083\">\n\t\t\t\t<div class=\"elementor-element elementor-element-667483e e-flex e-con-boxed parallax_section_no qode_elementor_container_no e-con e-parent\" data-id=\"667483e\" data-element_type=\"container\" data-e-type=\"container\">\n\t\t\t\t\t<div class=\"e-con-inner\">\n\t\t<div class=\"elementor-element elementor-element-f274459 e-con-full e-flex parallax_section_no qode_elementor_container_no e-con e-child\" data-id=\"f274459\" data-element_type=\"container\" data-e-type=\"container\">\n\t\t\t\t<\/div>\n\t\t<div class=\"elementor-element elementor-element-9ebb0c1 e-con-full e-flex parallax_section_no qode_elementor_container_no e-con e-child\" data-id=\"9ebb0c1\" data-element_type=\"container\" data-e-type=\"container\">\n\t\t\t\t<div class=\"elementor-element elementor-element-fd653ba elementor-widget elementor-widget-qi_addons_for_elementor_section_title\" data-id=\"fd653ba\" data-element_type=\"widget\" data-e-type=\"widget\" data-widget_type=\"qi_addons_for_elementor_section_title.default\">\n\t\t\t\t<div class=\"elementor-widget-container\">\n\t\t\t\t\t<div class=\"qodef-shortcode qodef-m qodef-qi-section-title qodef-decoration--italic qodef-link--underline-draw qodef-subtitle-icon--left\">\n\t\t\t\t<h5 class=\"qodef-m-subtitle\">\n\t\tLos destinos para\t\t\t<\/h5>\n\t\t\t<h2 class=\"qodef-m-title\">\n\t\ttodo el a\u00f1o v\u00eda a\u00e9rea \u2708\t<\/h2>\n\t\t\t<div class=\"qodef-m-text\"><p style=\"text-align: justify\">\u00a1<em>Te invitamos a vivir<\/em>\u00a0la\u00a0<em>mejor<\/em>\u00a0experiencia de confort, naturaleza y tranquilidad a las mejores playas\u00a0<img decoding=\"async\" class=\"emoji\" src=\"https:\/\/s.w.org\/images\/core\/emoji\/16.0.1\/svg\/26f1.svg\" alt=\"\u26f1\ufe0f\" \/>\u00a0y destinos populares todo el a\u00f1o.\u00a0<\/p><\/div>\n\t<\/div>\n\t\t\t\t<\/div>\n\t\t\t\t<\/div>\n\t\t\t\t<\/div>\n\t\t<div class=\"elementor-element elementor-element-ba2937a e-con-full e-flex parallax_section_no qode_elementor_container_no e-con e-child\" data-id=\"ba2937a\" data-element_type=\"container\" data-e-type=\"container\">\n\t\t\t\t<\/div>\n\t\t\t\t\t<\/div>\n\t\t\t\t<\/div>\n\t\t<div class=\"elementor-element elementor-element-10e15ca e-flex e-con-boxed parallax_section_no qode_elementor_container_no e-con e-parent\" data-id=\"10e15ca\" data-element_type=\"container\" data-e-type=\"container\">\n\t\t\t\t\t<div class=\"e-con-inner\">\n\t\t<div class=\"elementor-element elementor-element-8984a77 e-con-full e-flex parallax_section_no qode_elementor_container_no e-con e-child\" data-id=\"8984a77\" data-element_type=\"container\" data-e-type=\"container\">\n\t\t\t\t<div class=\"elementor-element elementor-element-06054a7 elementor-widget elementor-widget-image\" data-id=\"06054a7\" data-element_type=\"widget\" data-e-type=\"widget\" data-widget_type=\"image.default\">\n\t\t\t\t<div class=\"elementor-widget-container\">\n\t\t\t\t\t\t\t\t\t\t\t\t\t\t\t<img fetchpriority=\"high\" decoding=\"async\" width=\"724\" height=\"1024\" src=\"https:\/\/i0.wp.com\/marviajes.com.py\/wp-content\/uploads\/2025\/11\/San-Andres-8-14-abril.jpeg?fit=724%2C1024&amp;ssl=1\" class=\"attachment-large size-large wp-image-2108\" alt=\"\" srcset=\"https:\/\/i0.wp.com\/marviajes.com.py\/wp-content\/uploads\/2025\/11\/San-Andres-8-14-abril.jpeg?w=1131&amp;ssl=1 1131w, https:\/\/i0.wp.com\/marviajes.com.py\/wp-content\/uploads\/2025\/11\/San-Andres-8-14-abril.jpeg?resize=212%2C300&amp;ssl=1 212w, https:\/\/i0.wp.com\/marviajes.com.py\/wp-content\/uploads\/2025\/11\/San-Andres-8-14-abril.jpeg?resize=724%2C1024&amp;ssl=1 724w, https:\/\/i0.wp.com\/marviajes.com.py\/wp-content\/uploads\/2025\/11\/San-Andres-8-14-abril.jpeg?resize=768%2C1086&amp;ssl=1 768w, https:\/\/i0.wp.com\/marviajes.com.py\/wp-content\/uploads\/2025\/11\/San-Andres-8-14-abril.jpeg?resize=1086%2C1536&amp;ssl=1 1086w, https:\/\/i0.wp.com\/marviajes.com.py\/wp-content\/uploads\/2025\/11\/San-Andres-8-14-abril.jpeg?resize=700%2C990&amp;ssl=1 700w\" sizes=\"(max-width: 724px) 100vw, 724px\" \/>\t\t\t\t\t\t\t\t\t\t\t\t\t\t\t<\/div>\n\t\t\t\t<\/div>\n\t\t\t\t<\/div>\n\t\t<div class=\"elementor-element elementor-element-1f6a770 e-con-full e-flex parallax_section_no qode_elementor_container_no e-con e-child\" data-id=\"1f6a770\" data-element_type=\"container\" data-e-type=\"container\">\n\t\t\t\t<div class=\"elementor-element elementor-element-abaaf7e elementor-widget elementor-widget-image\" data-id=\"abaaf7e\" data-element_type=\"widget\" data-e-type=\"widget\" data-widget_type=\"image.default\">\n\t\t\t\t<div class=\"elementor-widget-container\">\n\t\t\t\t\t\t\t\t\t\t\t\t\t\t\t<img decoding=\"async\" width=\"724\" height=\"1024\" src=\"https:\/\/i0.wp.com\/marviajes.com.py\/wp-content\/uploads\/2025\/11\/San-Andres-10-16abril.jpeg?fit=724%2C1024&amp;ssl=1\" class=\"attachment-large size-large wp-image-2110\" alt=\"\" srcset=\"https:\/\/i0.wp.com\/marviajes.com.py\/wp-content\/uploads\/2025\/11\/San-Andres-10-16abril.jpeg?w=1131&amp;ssl=1 1131w, https:\/\/i0.wp.com\/marviajes.com.py\/wp-content\/uploads\/2025\/11\/San-Andres-10-16abril.jpeg?resize=212%2C300&amp;ssl=1 212w, https:\/\/i0.wp.com\/marviajes.com.py\/wp-content\/uploads\/2025\/11\/San-Andres-10-16abril.jpeg?resize=724%2C1024&amp;ssl=1 724w, https:\/\/i0.wp.com\/marviajes.com.py\/wp-content\/uploads\/2025\/11\/San-Andres-10-16abril.jpeg?resize=768%2C1086&amp;ssl=1 768w, https:\/\/i0.wp.com\/marviajes.com.py\/wp-content\/uploads\/2025\/11\/San-Andres-10-16abril.jpeg?resize=1086%2C1536&amp;ssl=1 1086w, https:\/\/i0.wp.com\/marviajes.com.py\/wp-content\/uploads\/2025\/11\/San-Andres-10-16abril.jpeg?resize=700%2C990&amp;ssl=1 700w\" sizes=\"(max-width: 724px) 100vw, 724px\" \/>\t\t\t\t\t\t\t\t\t\t\t\t\t\t\t<\/div>\n\t\t\t\t<\/div>\n\t\t\t\t<\/div>\n\t\t\t\t\t<\/div>\n\t\t\t\t<\/div>\n\t\t<div class=\"elementor-element elementor-element-fd8ad04 e-flex e-con-boxed parallax_section_no qode_elementor_container_no e-con e-parent\" data-id=\"fd8ad04\" data-element_type=\"container\" data-e-type=\"container\">\n\t\t\t\t\t<div class=\"e-con-inner\">\n\t\t<div class=\"elementor-element elementor-element-ccbff2d e-con-full e-flex parallax_section_no qode_elementor_container_no e-con e-child\" data-id=\"ccbff2d\" data-element_type=\"container\" data-e-type=\"container\">\n\t\t\t\t<div class=\"elementor-element elementor-element-a20f272 elementor-widget elementor-widget-image\" data-id=\"a20f272\" data-element_type=\"widget\" data-e-type=\"widget\" data-widget_type=\"image.default\">\n\t\t\t\t<div class=\"elementor-widget-container\">\n\t\t\t\t\t\t\t\t\t\t\t\t\t\t\t<img decoding=\"async\" width=\"724\" height=\"1024\" src=\"https:\/\/i0.wp.com\/marviajes.com.py\/wp-content\/uploads\/2025\/11\/San-Andres-8-14-abril.jpeg-2.jpeg?fit=724%2C1024&amp;ssl=1\" class=\"attachment-large size-large wp-image-2109\" alt=\"\" srcset=\"https:\/\/i0.wp.com\/marviajes.com.py\/wp-content\/uploads\/2025\/11\/San-Andres-8-14-abril.jpeg-2.jpeg?w=1131&amp;ssl=1 1131w, https:\/\/i0.wp.com\/marviajes.com.py\/wp-content\/uploads\/2025\/11\/San-Andres-8-14-abril.jpeg-2.jpeg?resize=212%2C300&amp;ssl=1 212w, https:\/\/i0.wp.com\/marviajes.com.py\/wp-content\/uploads\/2025\/11\/San-Andres-8-14-abril.jpeg-2.jpeg?resize=724%2C1024&amp;ssl=1 724w, https:\/\/i0.wp.com\/marviajes.com.py\/wp-content\/uploads\/2025\/11\/San-Andres-8-14-abril.jpeg-2.jpeg?resize=768%2C1086&amp;ssl=1 768w, https:\/\/i0.wp.com\/marviajes.com.py\/wp-content\/uploads\/2025\/11\/San-Andres-8-14-abril.jpeg-2.jpeg?resize=1086%2C1536&amp;ssl=1 1086w, https:\/\/i0.wp.com\/marviajes.com.py\/wp-content\/uploads\/2025\/11\/San-Andres-8-14-abril.jpeg-2.jpeg?resize=700%2C990&amp;ssl=1 700w\" sizes=\"(max-width: 724px) 100vw, 724px\" \/>\t\t\t\t\t\t\t\t\t\t\t\t\t\t\t<\/div>\n\t\t\t\t<\/div>\n\t\t\t\t<\/div>\n\t\t<div class=\"elementor-element elementor-element-3cc1fea e-con-full e-flex parallax_section_no qode_elementor_container_no e-con e-child\" data-id=\"3cc1fea\" data-element_type=\"container\" data-e-type=\"container\">\n\t\t\t\t<div class=\"elementor-element elementor-element-c1a692b elementor-widget elementor-widget-image\" data-id=\"c1a692b\" data-element_type=\"widget\" data-e-type=\"widget\" data-widget_type=\"image.default\">\n\t\t\t\t<div class=\"elementor-widget-container\">\n\t\t\t\t\t\t\t\t\t\t\t\t\t\t\t<img loading=\"lazy\" decoding=\"async\" width=\"724\" height=\"1024\" src=\"https:\/\/i0.wp.com\/marviajes.com.py\/wp-content\/uploads\/2025\/11\/San-Andres-13-19mayo.jpeg?fit=724%2C1024&amp;ssl=1\" class=\"attachment-large size-large wp-image-2111\" alt=\"\" srcset=\"https:\/\/i0.wp.com\/marviajes.com.py\/wp-content\/uploads\/2025\/11\/San-Andres-13-19mayo.jpeg?w=1131&amp;ssl=1 1131w, https:\/\/i0.wp.com\/marviajes.com.py\/wp-content\/uploads\/2025\/11\/San-Andres-13-19mayo.jpeg?resize=212%2C300&amp;ssl=1 212w, https:\/\/i0.wp.com\/marviajes.com.py\/wp-content\/uploads\/2025\/11\/San-Andres-13-19mayo.jpeg?resize=724%2C1024&amp;ssl=1 724w, https:\/\/i0.wp.com\/marviajes.com.py\/wp-content\/uploads\/2025\/11\/San-Andres-13-19mayo.jpeg?resize=768%2C1086&amp;ssl=1 768w, https:\/\/i0.wp.com\/marviajes.com.py\/wp-content\/uploads\/2025\/11\/San-Andres-13-19mayo.jpeg?resize=1086%2C1536&amp;ssl=1 1086w, https:\/\/i0.wp.com\/marviajes.com.py\/wp-content\/uploads\/2025\/11\/San-Andres-13-19mayo.jpeg?resize=700%2C990&amp;ssl=1 700w\" sizes=\"(max-width: 724px) 100vw, 724px\" \/>\t\t\t\t\t\t\t\t\t\t\t\t\t\t\t<\/div>\n\t\t\t\t<\/div>\n\t\t\t\t<\/div>\n\t\t\t\t\t<\/div>\n\t\t\t\t<\/div>\n\t\t<div class=\"elementor-element elementor-element-0f142d1 e-flex e-con-boxed parallax_section_no qode_elementor_container_no e-con e-parent\" data-id=\"0f142d1\" data-element_type=\"container\" data-e-type=\"container\">\n\t\t\t\t\t<div class=\"e-con-inner\">\n\t\t\t\t<div class=\"elementor-element elementor-element-51e85d9 elementor-widget elementor-widget-text-editor\" data-id=\"51e85d9\" data-element_type=\"widget\" data-e-type=\"widget\" data-widget_type=\"text-editor.default\">\n\t\t\t\t<div class=\"elementor-widget-container\">\n\t\t\t\t\t\t\t\t\t<p><a href=\"https:\/\/marviajes.com.py\/\">VOLVER AL INICIO<\/a><\/p>\t\t\t\t\t\t\t\t<\/div>\n\t\t\t\t<\/div>\n\t\t\t\t\t<\/div>\n\t\t\t\t<\/div>\n\t\t\t\t<\/div>\n\t\t","protected":false},"excerpt":{"rendered":"<p>Los destinos para todo el a\u00f1o v\u00eda a\u00e9rea \u2708 \u00a1Te invitamos a vivir\u00a0la\u00a0mejor\u00a0experiencia de confort, naturaleza y tranquilidad a las mejores playas\u00a0\u00a0y destinos populares todo el a\u00f1o.\u00a0 VOLVER AL INICIO<\/p>\n","protected":false},"author":1,"featured_media":1057,"parent":1363,"menu_order":0,"comment_status":"closed","ping_status":"closed","template":"","meta":{"footnotes":""},"class_list":["post-2083","page","type-page","status-publish","has-post-thumbnail","hentry"],"_links":{"self":[{"href":"https:\/\/marviajes.com.py\/index.php\/wp-json\/wp\/v2\/pages\/2083","targetHints":{"allow":["GET"]}}],"collection":[{"href":"https:\/\/marviajes.com.py\/index.php\/wp-json\/wp\/v2\/pages"}],"about":[{"href":"https:\/\/marviajes.com.py\/index.php\/wp-json\/wp\/v2\/types\/page"}],"author":[{"embeddable":true,"href":"https:\/\/marviajes.com.py\/index.php\/wp-json\/wp\/v2\/users\/1"}],"replies":[{"embeddable":true,"href":"https:\/\/marviajes.com.py\/index.php\/wp-json\/wp\/v2\/comments?post=2083"}],"version-history":[{"count":10,"href":"https:\/\/marviajes.com.py\/index.php\/wp-json\/wp\/v2\/pages\/2083\/revisions"}],"predecessor-version":[{"id":2118,"href":"https:\/\/marviajes.com.py\/index.php\/wp-json\/wp\/v2\/pages\/2083\/revisions\/2118"}],"up":[{"embeddable":true,"href":"https:\/\/marviajes.com.py\/index.php\/wp-json\/wp\/v2\/pages\/1363"}],"wp:featuredmedia":[{"embeddable":true,"href":"https:\/\/marviajes.com.py\/index.php\/wp-json\/wp\/v2\/media\/1057"}],"wp:attachment":[{"href":"https:\/\/marviajes.com.py\/index.php\/wp-json\/wp\/v2\/media?parent=2083"}],"curies":[{"name":"wp","href":"https:\/\/api.w.org\/{rel}","templated":true}]}}