{"id":1902,"date":"2025-06-18T16:49:13","date_gmt":"2025-06-18T14:49:13","guid":{"rendered":"https:\/\/marviajes.com.py\/?page_id=1902"},"modified":"2025-11-14T15:23:51","modified_gmt":"2025-11-14T14:23:51","slug":"europa","status":"publish","type":"page","link":"https:\/\/marviajes.com.py\/index.php\/destinos\/europa\/","title":{"rendered":"EUROPA"},"content":{"rendered":"\t\t<div data-elementor-type=\"wp-page\" data-elementor-id=\"1902\" class=\"elementor elementor-1902\">\n\t\t\t\t<div class=\"elementor-element elementor-element-667483e e-flex e-con-boxed parallax_section_no qode_elementor_container_no e-con e-parent\" data-id=\"667483e\" data-element_type=\"container\" data-e-type=\"container\">\n\t\t\t\t\t<div class=\"e-con-inner\">\n\t\t<div class=\"elementor-element elementor-element-f274459 e-con-full e-flex parallax_section_no qode_elementor_container_no e-con e-child\" data-id=\"f274459\" data-element_type=\"container\" data-e-type=\"container\">\n\t\t\t\t<\/div>\n\t\t<div class=\"elementor-element elementor-element-9ebb0c1 e-con-full e-flex parallax_section_no qode_elementor_container_no e-con e-child\" data-id=\"9ebb0c1\" data-element_type=\"container\" data-e-type=\"container\">\n\t\t\t\t<div class=\"elementor-element elementor-element-fd653ba elementor-widget elementor-widget-qi_addons_for_elementor_section_title\" data-id=\"fd653ba\" data-element_type=\"widget\" data-e-type=\"widget\" data-widget_type=\"qi_addons_for_elementor_section_title.default\">\n\t\t\t\t<div class=\"elementor-widget-container\">\n\t\t\t\t\t<div class=\"qodef-shortcode qodef-m qodef-qi-section-title qodef-decoration--italic qodef-link--underline-draw qodef-subtitle-icon--left\">\n\t\t\t\t<h5 class=\"qodef-m-subtitle\">\n\t\ttu pr\u00f3ximo tour a \t\t\t<\/h5>\n\t\t\t<h2 class=\"qodef-m-title\">\n\t\teuropa\t<\/h2>\n\t\t\t<div class=\"qodef-m-text\"><p style=\"text-align: justify\"><strong>Mar Viajes<\/strong> te invita a descubrir la magia de Europa, un continente lleno de historia, cultura, paisajes impresionantes y experiencias inolvidables. Somos tu compa\u00f1ero ideal para planificar el viaje de tus sue\u00f1os, ofreci\u00e9ndote un servicio personalizado y atenci\u00f3n al detalle para que cada momento sea perfecto.<\/p><\/div>\n\t<\/div>\n\t\t\t\t<\/div>\n\t\t\t\t<\/div>\n\t\t\t\t<\/div>\n\t\t<div class=\"elementor-element elementor-element-ba2937a e-con-full e-flex parallax_section_no qode_elementor_container_no e-con e-child\" data-id=\"ba2937a\" data-element_type=\"container\" data-e-type=\"container\">\n\t\t\t\t<\/div>\n\t\t\t\t\t<\/div>\n\t\t\t\t<\/div>\n\t\t<div class=\"elementor-element elementor-element-10e15ca e-flex e-con-boxed parallax_section_no qode_elementor_container_no e-con e-parent\" data-id=\"10e15ca\" data-element_type=\"container\" data-e-type=\"container\">\n\t\t\t\t\t<div class=\"e-con-inner\">\n\t\t<div class=\"elementor-element elementor-element-8984a77 e-con-full e-flex parallax_section_no qode_elementor_container_no e-con e-child\" data-id=\"8984a77\" data-element_type=\"container\" data-e-type=\"container\">\n\t\t\t\t<div class=\"elementor-element elementor-element-85cb8b4 elementor-widget elementor-widget-image\" data-id=\"85cb8b4\" data-element_type=\"widget\" data-e-type=\"widget\" data-widget_type=\"image.default\">\n\t\t\t\t<div class=\"elementor-widget-container\">\n\t\t\t\t\t\t\t\t\t\t\t\t\t\t\t<img fetchpriority=\"high\" decoding=\"async\" width=\"500\" height=\"500\" src=\"https:\/\/i0.wp.com\/marviajes.com.py\/wp-content\/uploads\/2025\/11\/Eurotrip1.jpeg?resize=500%2C500&amp;ssl=1\" class=\"attachment-portfolio_masonry_regular size-portfolio_masonry_regular wp-image-2098\" alt=\"\" srcset=\"https:\/\/i0.wp.com\/marviajes.com.py\/wp-content\/uploads\/2025\/11\/Eurotrip1.jpeg?resize=150%2C150&amp;ssl=1 150w, https:\/\/i0.wp.com\/marviajes.com.py\/wp-content\/uploads\/2025\/11\/Eurotrip1.jpeg?resize=570%2C570&amp;ssl=1 570w, https:\/\/i0.wp.com\/marviajes.com.py\/wp-content\/uploads\/2025\/11\/Eurotrip1.jpeg?resize=500%2C500&amp;ssl=1 500w, https:\/\/i0.wp.com\/marviajes.com.py\/wp-content\/uploads\/2025\/11\/Eurotrip1.jpeg?resize=1000%2C1000&amp;ssl=1 1000w, https:\/\/i0.wp.com\/marviajes.com.py\/wp-content\/uploads\/2025\/11\/Eurotrip1.jpeg?resize=650%2C650&amp;ssl=1 650w\" sizes=\"(max-width: 500px) 100vw, 500px\" \/>\t\t\t\t\t\t\t\t\t\t\t\t\t\t\t<\/div>\n\t\t\t\t<\/div>\n\t\t\t\t<\/div>\n\t\t<div class=\"elementor-element elementor-element-1f6a770 e-con-full e-flex parallax_section_no qode_elementor_container_no e-con e-child\" data-id=\"1f6a770\" data-element_type=\"container\" data-e-type=\"container\">\n\t\t\t\t<\/div>\n\t\t\t\t\t<\/div>\n\t\t\t\t<\/div>\n\t\t<div class=\"elementor-element elementor-element-0f142d1 e-flex e-con-boxed parallax_section_no qode_elementor_container_no e-con e-parent\" data-id=\"0f142d1\" data-element_type=\"container\" data-e-type=\"container\">\n\t\t\t\t\t<div class=\"e-con-inner\">\n\t\t\t\t<div class=\"elementor-element elementor-element-51e85d9 elementor-widget elementor-widget-text-editor\" data-id=\"51e85d9\" data-element_type=\"widget\" data-e-type=\"widget\" data-widget_type=\"text-editor.default\">\n\t\t\t\t<div class=\"elementor-widget-container\">\n\t\t\t\t\t\t\t\t\t<p><a href=\"https:\/\/marviajes.com.py\/\">VOLVER AL INICIO<\/a><\/p>\t\t\t\t\t\t\t\t<\/div>\n\t\t\t\t<\/div>\n\t\t\t\t\t<\/div>\n\t\t\t\t<\/div>\n\t\t\t\t<\/div>\n\t\t","protected":false},"excerpt":{"rendered":"<p>tu pr\u00f3ximo tour a europa Mar Viajes te invita a descubrir la magia de Europa, un continente lleno de historia, cultura, paisajes impresionantes y experiencias inolvidables. Somos tu compa\u00f1ero ideal para planificar el viaje de tus sue\u00f1os, ofreci\u00e9ndote un servicio personalizado y atenci\u00f3n al detalle&#8230;<\/p>\n","protected":false},"author":1,"featured_media":397,"parent":287,"menu_order":0,"comment_status":"closed","ping_status":"closed","template":"","meta":{"footnotes":""},"class_list":["post-1902","page","type-page","status-publish","has-post-thumbnail","hentry"],"_links":{"self":[{"href":"https:\/\/marviajes.com.py\/index.php\/wp-json\/wp\/v2\/pages\/1902","targetHints":{"allow":["GET"]}}],"collection":[{"href":"https:\/\/marviajes.com.py\/index.php\/wp-json\/wp\/v2\/pages"}],"about":[{"href":"https:\/\/marviajes.com.py\/index.php\/wp-json\/wp\/v2\/types\/page"}],"author":[{"embeddable":true,"href":"https:\/\/marviajes.com.py\/index.php\/wp-json\/wp\/v2\/users\/1"}],"replies":[{"embeddable":true,"href":"https:\/\/marviajes.com.py\/index.php\/wp-json\/wp\/v2\/comments?post=1902"}],"version-history":[{"count":14,"href":"https:\/\/marviajes.com.py\/index.php\/wp-json\/wp\/v2\/pages\/1902\/revisions"}],"predecessor-version":[{"id":2121,"href":"https:\/\/marviajes.com.py\/index.php\/wp-json\/wp\/v2\/pages\/1902\/revisions\/2121"}],"up":[{"embeddable":true,"href":"https:\/\/marviajes.com.py\/index.php\/wp-json\/wp\/v2\/pages\/287"}],"wp:featuredmedia":[{"embeddable":true,"href":"https:\/\/marviajes.com.py\/index.php\/wp-json\/wp\/v2\/media\/397"}],"wp:attachment":[{"href":"https:\/\/marviajes.com.py\/index.php\/wp-json\/wp\/v2\/media?parent=1902"}],"curies":[{"name":"wp","href":"https:\/\/api.w.org\/{rel}","templated":true}]}}