{"id":1154,"date":"2025-01-08T17:30:25","date_gmt":"2025-01-08T16:30:25","guid":{"rendered":"https:\/\/marviajes.com.py\/?page_id=1154"},"modified":"2025-03-18T14:59:49","modified_gmt":"2025-03-18T13:59:49","slug":"vacaciones-invierno-terrestre","status":"publish","type":"page","link":"https:\/\/marviajes.com.py\/index.php\/destinos\/vacaciones-invierno\/vacaciones-invierno-terrestre\/","title":{"rendered":"VACACIONES DE INVIERNO \ud83d\ude8c"},"content":{"rendered":"\t\t<div data-elementor-type=\"wp-page\" data-elementor-id=\"1154\" class=\"elementor elementor-1154\">\n\t\t\t\t<div class=\"elementor-element elementor-element-667483e e-flex e-con-boxed parallax_section_no qode_elementor_container_no e-con e-parent\" data-id=\"667483e\" data-element_type=\"container\" data-e-type=\"container\">\n\t\t\t\t\t<div class=\"e-con-inner\">\n\t\t<div class=\"elementor-element elementor-element-f274459 e-con-full e-flex parallax_section_no qode_elementor_container_no e-con e-child\" data-id=\"f274459\" data-element_type=\"container\" data-e-type=\"container\">\n\t\t\t\t<\/div>\n\t\t<div class=\"elementor-element elementor-element-9ebb0c1 e-con-full e-flex parallax_section_no qode_elementor_container_no e-con e-child\" data-id=\"9ebb0c1\" data-element_type=\"container\" data-e-type=\"container\">\n\t\t\t\t<div class=\"elementor-element elementor-element-fd653ba elementor-widget elementor-widget-qi_addons_for_elementor_section_title\" data-id=\"fd653ba\" data-element_type=\"widget\" data-e-type=\"widget\" data-widget_type=\"qi_addons_for_elementor_section_title.default\">\n\t\t\t\t<div class=\"elementor-widget-container\">\n\t\t\t\t\t<div class=\"qodef-shortcode qodef-m qodef-qi-section-title qodef-decoration--italic qodef-link--underline-draw qodef-subtitle-icon--left\">\n\t\t\t\t<h5 class=\"qodef-m-subtitle\">\n\t\tVacaciones de\t\t\t<\/h5>\n\t\t\t<h2 class=\"qodef-m-title\">\n\t\tINVIERNO v\u00eda terrestre\t<\/h2>\n\t\t\t<div class=\"qodef-m-text\"><p style=\"text-align: justify\">Sin planes para las\u00a0<em>vacaciones de invierno<\/em> 2025? \u00a1No te preocupes! Aqu\u00ed tienes algunas opciones para que disfrutes al m\u00e1ximo estos d\u00edas de descanso.<\/p><\/div>\n\t<\/div>\n\t\t\t\t<\/div>\n\t\t\t\t<\/div>\n\t\t\t\t<\/div>\n\t\t<div class=\"elementor-element elementor-element-ba2937a e-con-full e-flex parallax_section_no qode_elementor_container_no e-con e-child\" data-id=\"ba2937a\" data-element_type=\"container\" data-e-type=\"container\">\n\t\t\t\t<\/div>\n\t\t\t\t\t<\/div>\n\t\t\t\t<\/div>\n\t\t<div class=\"elementor-element elementor-element-10e15ca e-flex e-con-boxed parallax_section_no qode_elementor_container_no e-con e-parent\" data-id=\"10e15ca\" data-element_type=\"container\" data-e-type=\"container\">\n\t\t\t\t\t<div class=\"e-con-inner\">\n\t\t<div class=\"elementor-element elementor-element-8984a77 e-con-full e-flex parallax_section_no qode_elementor_container_no e-con e-child\" data-id=\"8984a77\" data-element_type=\"container\" data-e-type=\"container\">\n\t\t\t\t<div class=\"elementor-element elementor-element-2abdc9f elementor-widget elementor-widget-image\" data-id=\"2abdc9f\" data-element_type=\"widget\" data-e-type=\"widget\" data-widget_type=\"image.default\">\n\t\t\t\t<div class=\"elementor-widget-container\">\n\t\t\t\t\t\t\t\t\t\t\t\t\t\t\t\t<a href=\"https:\/\/i0.wp.com\/marviajes.com.py\/wp-content\/uploads\/2025\/01\/Vacaciones-de-Julio-Bariloche.jpg\" data-elementor-open-lightbox=\"yes\" data-elementor-lightbox-title=\"Vacaciones de Julio - Bariloche\" data-e-action-hash=\"#elementor-action%3Aaction%3Dlightbox%26settings%3DeyJpZCI6MTM1NSwidXJsIjoiaHR0cHM6XC9cL21hcnZpYWplcy5jb20ucHlcL3dwLWNvbnRlbnRcL3VwbG9hZHNcLzIwMjVcLzAxXC9WYWNhY2lvbmVzLWRlLUp1bGlvLUJhcmlsb2NoZS5qcGcifQ%3D%3D\">\n\t\t\t\t\t\t\t<img fetchpriority=\"high\" decoding=\"async\" width=\"500\" height=\"500\" src=\"https:\/\/i0.wp.com\/marviajes.com.py\/wp-content\/uploads\/2025\/01\/Vacaciones-de-Julio-Bariloche.jpg?resize=500%2C500&amp;ssl=1\" class=\"attachment-portfolio_masonry_regular size-portfolio_masonry_regular wp-image-1355\" alt=\"\" srcset=\"https:\/\/i0.wp.com\/marviajes.com.py\/wp-content\/uploads\/2025\/01\/Vacaciones-de-Julio-Bariloche.jpg?resize=150%2C150&amp;ssl=1 150w, https:\/\/i0.wp.com\/marviajes.com.py\/wp-content\/uploads\/2025\/01\/Vacaciones-de-Julio-Bariloche.jpg?resize=570%2C570&amp;ssl=1 570w, https:\/\/i0.wp.com\/marviajes.com.py\/wp-content\/uploads\/2025\/01\/Vacaciones-de-Julio-Bariloche.jpg?resize=500%2C500&amp;ssl=1 500w, https:\/\/i0.wp.com\/marviajes.com.py\/wp-content\/uploads\/2025\/01\/Vacaciones-de-Julio-Bariloche.jpg?resize=1000%2C1000&amp;ssl=1 1000w, https:\/\/i0.wp.com\/marviajes.com.py\/wp-content\/uploads\/2025\/01\/Vacaciones-de-Julio-Bariloche.jpg?resize=650%2C650&amp;ssl=1 650w, https:\/\/i0.wp.com\/marviajes.com.py\/wp-content\/uploads\/2025\/01\/Vacaciones-de-Julio-Bariloche.jpg?resize=1300%2C1300&amp;ssl=1 1300w\" sizes=\"(max-width: 500px) 100vw, 500px\" \/>\t\t\t\t\t\t\t\t<\/a>\n\t\t\t\t\t\t\t\t\t\t\t\t\t\t\t<\/div>\n\t\t\t\t<\/div>\n\t\t\t\t<\/div>\n\t\t<div class=\"elementor-element elementor-element-1f6a770 e-con-full e-flex parallax_section_no qode_elementor_container_no e-con e-child\" data-id=\"1f6a770\" data-element_type=\"container\" data-e-type=\"container\">\n\t\t\t\t<div class=\"elementor-element elementor-element-41f0a0a elementor-widget elementor-widget-image\" data-id=\"41f0a0a\" data-element_type=\"widget\" data-e-type=\"widget\" data-widget_type=\"image.default\">\n\t\t\t\t<div class=\"elementor-widget-container\">\n\t\t\t\t\t\t\t\t\t\t\t\t\t\t\t\t<a href=\"https:\/\/i0.wp.com\/marviajes.com.py\/wp-content\/uploads\/2025\/01\/Vacaciones-de-julio-MEndoza.jpg\" data-elementor-open-lightbox=\"yes\" data-elementor-lightbox-title=\"Vacaciones de julio - MEndoza\" data-e-action-hash=\"#elementor-action%3Aaction%3Dlightbox%26settings%3DeyJpZCI6MTM3NSwidXJsIjoiaHR0cHM6XC9cL21hcnZpYWplcy5jb20ucHlcL3dwLWNvbnRlbnRcL3VwbG9hZHNcLzIwMjVcLzAxXC9WYWNhY2lvbmVzLWRlLWp1bGlvLU1FbmRvemEuanBnIn0%3D\">\n\t\t\t\t\t\t\t<img decoding=\"async\" width=\"500\" height=\"500\" src=\"https:\/\/i0.wp.com\/marviajes.com.py\/wp-content\/uploads\/2025\/01\/Vacaciones-de-julio-MEndoza.jpg?resize=500%2C500&amp;ssl=1\" class=\"attachment-portfolio_masonry_regular size-portfolio_masonry_regular wp-image-1375\" alt=\"\" srcset=\"https:\/\/i0.wp.com\/marviajes.com.py\/wp-content\/uploads\/2025\/01\/Vacaciones-de-julio-MEndoza.jpg?resize=150%2C150&amp;ssl=1 150w, https:\/\/i0.wp.com\/marviajes.com.py\/wp-content\/uploads\/2025\/01\/Vacaciones-de-julio-MEndoza.jpg?resize=570%2C570&amp;ssl=1 570w, https:\/\/i0.wp.com\/marviajes.com.py\/wp-content\/uploads\/2025\/01\/Vacaciones-de-julio-MEndoza.jpg?resize=500%2C500&amp;ssl=1 500w, https:\/\/i0.wp.com\/marviajes.com.py\/wp-content\/uploads\/2025\/01\/Vacaciones-de-julio-MEndoza.jpg?resize=1000%2C1000&amp;ssl=1 1000w, https:\/\/i0.wp.com\/marviajes.com.py\/wp-content\/uploads\/2025\/01\/Vacaciones-de-julio-MEndoza.jpg?resize=650%2C650&amp;ssl=1 650w, https:\/\/i0.wp.com\/marviajes.com.py\/wp-content\/uploads\/2025\/01\/Vacaciones-de-julio-MEndoza.jpg?resize=1300%2C1300&amp;ssl=1 1300w\" sizes=\"(max-width: 500px) 100vw, 500px\" \/>\t\t\t\t\t\t\t\t<\/a>\n\t\t\t\t\t\t\t\t\t\t\t\t\t\t\t<\/div>\n\t\t\t\t<\/div>\n\t\t\t\t<\/div>\n\t\t\t\t\t<\/div>\n\t\t\t\t<\/div>\n\t\t<div class=\"elementor-element elementor-element-660f231 e-flex e-con-boxed parallax_section_no qode_elementor_container_no e-con e-parent\" data-id=\"660f231\" data-element_type=\"container\" data-e-type=\"container\">\n\t\t\t\t\t<div class=\"e-con-inner\">\n\t\t<div class=\"elementor-element elementor-element-019b4e7 e-con-full e-flex parallax_section_no qode_elementor_container_no e-con e-child\" data-id=\"019b4e7\" data-element_type=\"container\" data-e-type=\"container\">\n\t\t\t\t<div class=\"elementor-element elementor-element-363b5ea elementor-widget elementor-widget-image\" data-id=\"363b5ea\" data-element_type=\"widget\" data-e-type=\"widget\" data-widget_type=\"image.default\">\n\t\t\t\t<div class=\"elementor-widget-container\">\n\t\t\t\t\t\t\t\t\t\t\t\t\t\t\t\t<a href=\"https:\/\/i0.wp.com\/marviajes.com.py\/wp-content\/uploads\/2025\/03\/Mendoza-Julio-1x1-2025-2.jpg\" data-elementor-open-lightbox=\"yes\" data-e-action-hash=\"#elementor-action%3Aaction%3Dlightbox%26settings%3DeyJpZCI6MTYzNywidXJsIjpmYWxzZX0%3D\">\n\t\t\t\t\t\t\t<img data-recalc-dims=\"1\" decoding=\"async\" src=\"https:\/\/i0.wp.com\/marviajes.com.py\/wp-content\/uploads\/2025\/03\/Mendoza-Julio-1x1-2025-2.jpg?w=1060\" title=\"\" alt=\"\" loading=\"lazy\" \/>\t\t\t\t\t\t\t\t<\/a>\n\t\t\t\t\t\t\t\t\t\t\t\t\t\t\t<\/div>\n\t\t\t\t<\/div>\n\t\t\t\t<\/div>\n\t\t<div class=\"elementor-element elementor-element-fc4e599 e-con-full e-flex parallax_section_no qode_elementor_container_no e-con e-child\" data-id=\"fc4e599\" data-element_type=\"container\" data-e-type=\"container\">\n\t\t\t\t<\/div>\n\t\t\t\t\t<\/div>\n\t\t\t\t<\/div>\n\t\t<div class=\"elementor-element elementor-element-0f142d1 e-flex e-con-boxed parallax_section_no qode_elementor_container_no e-con e-parent\" data-id=\"0f142d1\" data-element_type=\"container\" data-e-type=\"container\">\n\t\t\t\t\t<div class=\"e-con-inner\">\n\t\t\t\t<div class=\"elementor-element elementor-element-51e85d9 elementor-widget elementor-widget-text-editor\" data-id=\"51e85d9\" data-element_type=\"widget\" data-e-type=\"widget\" data-widget_type=\"text-editor.default\">\n\t\t\t\t<div class=\"elementor-widget-container\">\n\t\t\t\t\t\t\t\t\t<p><a href=\"https:\/\/marviajes.com.py\/\">VOLVER AL INICIO<\/a><\/p>\t\t\t\t\t\t\t\t<\/div>\n\t\t\t\t<\/div>\n\t\t\t\t\t<\/div>\n\t\t\t\t<\/div>\n\t\t\t\t<\/div>\n\t\t","protected":false},"excerpt":{"rendered":"<p>Vacaciones de INVIERNO v\u00eda terrestre Sin planes para las\u00a0vacaciones de invierno 2025? \u00a1No te preocupes! Aqu\u00ed tienes algunas opciones para que disfrutes al m\u00e1ximo estos d\u00edas de descanso. VOLVER AL INICIO<\/p>\n","protected":false},"author":1,"featured_media":1057,"parent":1055,"menu_order":0,"comment_status":"closed","ping_status":"closed","template":"","meta":{"footnotes":""},"class_list":["post-1154","page","type-page","status-publish","has-post-thumbnail","hentry"],"_links":{"self":[{"href":"https:\/\/marviajes.com.py\/index.php\/wp-json\/wp\/v2\/pages\/1154","targetHints":{"allow":["GET"]}}],"collection":[{"href":"https:\/\/marviajes.com.py\/index.php\/wp-json\/wp\/v2\/pages"}],"about":[{"href":"https:\/\/marviajes.com.py\/index.php\/wp-json\/wp\/v2\/types\/page"}],"author":[{"embeddable":true,"href":"https:\/\/marviajes.com.py\/index.php\/wp-json\/wp\/v2\/users\/1"}],"replies":[{"embeddable":true,"href":"https:\/\/marviajes.com.py\/index.php\/wp-json\/wp\/v2\/comments?post=1154"}],"version-history":[{"count":15,"href":"https:\/\/marviajes.com.py\/index.php\/wp-json\/wp\/v2\/pages\/1154\/revisions"}],"predecessor-version":[{"id":1643,"href":"https:\/\/marviajes.com.py\/index.php\/wp-json\/wp\/v2\/pages\/1154\/revisions\/1643"}],"up":[{"embeddable":true,"href":"https:\/\/marviajes.com.py\/index.php\/wp-json\/wp\/v2\/pages\/1055"}],"wp:featuredmedia":[{"embeddable":true,"href":"https:\/\/marviajes.com.py\/index.php\/wp-json\/wp\/v2\/media\/1057"}],"wp:attachment":[{"href":"https:\/\/marviajes.com.py\/index.php\/wp-json\/wp\/v2\/media?parent=1154"}],"curies":[{"name":"wp","href":"https:\/\/api.w.org\/{rel}","templated":true}]}}