{"id":1138,"date":"2025-01-08T17:11:18","date_gmt":"2025-01-08T16:11:18","guid":{"rendered":"https:\/\/marviajes.com.py\/?page_id=1138"},"modified":"2025-09-09T15:42:44","modified_gmt":"2025-09-09T13:42:44","slug":"conciertos-via-aerea","status":"publish","type":"page","link":"https:\/\/marviajes.com.py\/index.php\/destinos\/conciertos\/conciertos-via-aerea\/","title":{"rendered":"CONCIERTOS \u2708"},"content":{"rendered":"\t\t<div data-elementor-type=\"wp-page\" data-elementor-id=\"1138\" class=\"elementor elementor-1138\">\n\t\t\t\t<div class=\"elementor-element elementor-element-667483e e-flex e-con-boxed parallax_section_no qode_elementor_container_no e-con e-parent\" data-id=\"667483e\" data-element_type=\"container\" data-e-type=\"container\">\n\t\t\t\t\t<div class=\"e-con-inner\">\n\t\t<div class=\"elementor-element elementor-element-f274459 e-con-full e-flex parallax_section_no qode_elementor_container_no e-con e-child\" data-id=\"f274459\" data-element_type=\"container\" data-e-type=\"container\">\n\t\t\t\t<\/div>\n\t\t<div class=\"elementor-element elementor-element-9ebb0c1 e-con-full e-flex parallax_section_no qode_elementor_container_no e-con e-child\" data-id=\"9ebb0c1\" data-element_type=\"container\" data-e-type=\"container\">\n\t\t\t\t<div class=\"elementor-element elementor-element-fd653ba elementor-widget elementor-widget-qi_addons_for_elementor_section_title\" data-id=\"fd653ba\" data-element_type=\"widget\" data-e-type=\"widget\" data-widget_type=\"qi_addons_for_elementor_section_title.default\">\n\t\t\t\t<div class=\"elementor-widget-container\">\n\t\t\t\t\t<div class=\"qodef-shortcode qodef-m qodef-qi-section-title qodef-decoration--italic qodef-link--underline-draw qodef-subtitle-icon--left\">\n\t\t\t\t<h5 class=\"qodef-m-subtitle\">\n\t\tViaj\u00e1 a los mejores\t\t\t<\/h5>\n\t\t\t<h2 class=\"qodef-m-title\">\n\t\tCONCIERTOS v\u00eda a\u00e9rea  \u2708\t<\/h2>\n\t\t\t<div class=\"qodef-m-text\"><p>\u00a1Lleg\u00f3 tu oportunidad de viajar al mejor precio, al concierto de tu artista favorito! Para ver a las grandes estrellas internacionales\u00a0 en los escenarios m\u00e1s grandes del mundo y con miles de fans.<\/p><\/div>\n\t<\/div>\n\t\t\t\t<\/div>\n\t\t\t\t<\/div>\n\t\t\t\t<\/div>\n\t\t<div class=\"elementor-element elementor-element-ba2937a e-con-full e-flex parallax_section_no qode_elementor_container_no e-con e-child\" data-id=\"ba2937a\" data-element_type=\"container\" data-e-type=\"container\">\n\t\t\t\t<\/div>\n\t\t\t\t\t<\/div>\n\t\t\t\t<\/div>\n\t\t<div class=\"elementor-element elementor-element-72fb5bf e-flex e-con-boxed parallax_section_no qode_elementor_container_no e-con e-parent\" data-id=\"72fb5bf\" data-element_type=\"container\" data-e-type=\"container\">\n\t\t\t\t\t<div class=\"e-con-inner\">\n\t\t<div class=\"elementor-element elementor-element-ab362f9 e-con-full e-flex parallax_section_no qode_elementor_container_no e-con e-child\" data-id=\"ab362f9\" data-element_type=\"container\" data-e-type=\"container\">\n\t\t\t\t<div class=\"elementor-element elementor-element-23c687f elementor-widget elementor-widget-image\" data-id=\"23c687f\" data-element_type=\"widget\" data-e-type=\"widget\" data-widget_type=\"image.default\">\n\t\t\t\t<div class=\"elementor-widget-container\">\n\t\t\t\t\t\t\t\t\t\t\t\t\t\t\t\t<a href=\"https:\/\/i0.wp.com\/marviajes.com.py\/wp-content\/uploads\/2025\/01\/Oasis2.jpeg\" data-elementor-open-lightbox=\"yes\" data-elementor-lightbox-title=\"Oasis2\" data-e-action-hash=\"#elementor-action%3Aaction%3Dlightbox%26settings%3DeyJpZCI6MTYwNSwidXJsIjoiaHR0cHM6XC9cL21hcnZpYWplcy5jb20ucHlcL3dwLWNvbnRlbnRcL3VwbG9hZHNcLzIwMjVcLzAxXC9PYXNpczIuanBlZyJ9\">\n\t\t\t\t\t\t\t<img fetchpriority=\"high\" decoding=\"async\" width=\"500\" height=\"500\" src=\"https:\/\/i0.wp.com\/marviajes.com.py\/wp-content\/uploads\/2025\/01\/Oasis2.jpeg?resize=500%2C500&amp;ssl=1\" class=\"attachment-portfolio_masonry_regular size-portfolio_masonry_regular wp-image-1605\" alt=\"\" srcset=\"https:\/\/i0.wp.com\/marviajes.com.py\/wp-content\/uploads\/2025\/01\/Oasis2.jpeg?resize=150%2C150&amp;ssl=1 150w, https:\/\/i0.wp.com\/marviajes.com.py\/wp-content\/uploads\/2025\/01\/Oasis2.jpeg?resize=570%2C570&amp;ssl=1 570w, https:\/\/i0.wp.com\/marviajes.com.py\/wp-content\/uploads\/2025\/01\/Oasis2.jpeg?resize=500%2C500&amp;ssl=1 500w, https:\/\/i0.wp.com\/marviajes.com.py\/wp-content\/uploads\/2025\/01\/Oasis2.jpeg?resize=1000%2C1000&amp;ssl=1 1000w, https:\/\/i0.wp.com\/marviajes.com.py\/wp-content\/uploads\/2025\/01\/Oasis2.jpeg?resize=650%2C650&amp;ssl=1 650w\" sizes=\"(max-width: 500px) 100vw, 500px\" \/>\t\t\t\t\t\t\t\t<\/a>\n\t\t\t\t\t\t\t\t\t\t\t\t\t\t\t<\/div>\n\t\t\t\t<\/div>\n\t\t\t\t<\/div>\n\t\t<div class=\"elementor-element elementor-element-37190f7 e-con-full e-flex parallax_section_no qode_elementor_container_no e-con e-child\" data-id=\"37190f7\" data-element_type=\"container\" data-e-type=\"container\">\n\t\t\t\t<div class=\"elementor-element elementor-element-b5b4654 elementor-widget elementor-widget-image\" data-id=\"b5b4654\" data-element_type=\"widget\" data-e-type=\"widget\" data-widget_type=\"image.default\">\n\t\t\t\t<div class=\"elementor-widget-container\">\n\t\t\t\t\t\t\t\t\t\t\t\t\t\t\t\t<a href=\"https:\/\/i0.wp.com\/marviajes.com.py\/wp-content\/uploads\/2025\/09\/Arjona-Mayo-2026.jpeg\" data-elementor-open-lightbox=\"yes\" data-elementor-lightbox-title=\"Arjona - Mayo 2026\" data-e-action-hash=\"#elementor-action%3Aaction%3Dlightbox%26settings%3DeyJpZCI6MjAzNiwidXJsIjoiaHR0cHM6XC9cL21hcnZpYWplcy5jb20ucHlcL3dwLWNvbnRlbnRcL3VwbG9hZHNcLzIwMjVcLzA5XC9BcmpvbmEtTWF5by0yMDI2LmpwZWcifQ%3D%3D\">\n\t\t\t\t\t\t\t<img decoding=\"async\" width=\"500\" height=\"500\" src=\"https:\/\/i0.wp.com\/marviajes.com.py\/wp-content\/uploads\/2025\/09\/Arjona-Mayo-2026.jpeg?resize=500%2C500&amp;ssl=1\" class=\"attachment-portfolio_masonry_regular size-portfolio_masonry_regular wp-image-2036\" alt=\"\" srcset=\"https:\/\/i0.wp.com\/marviajes.com.py\/wp-content\/uploads\/2025\/09\/Arjona-Mayo-2026.jpeg?resize=150%2C150&amp;ssl=1 150w, https:\/\/i0.wp.com\/marviajes.com.py\/wp-content\/uploads\/2025\/09\/Arjona-Mayo-2026.jpeg?resize=570%2C570&amp;ssl=1 570w, https:\/\/i0.wp.com\/marviajes.com.py\/wp-content\/uploads\/2025\/09\/Arjona-Mayo-2026.jpeg?resize=500%2C500&amp;ssl=1 500w, https:\/\/i0.wp.com\/marviajes.com.py\/wp-content\/uploads\/2025\/09\/Arjona-Mayo-2026.jpeg?resize=650%2C650&amp;ssl=1 650w\" sizes=\"(max-width: 500px) 100vw, 500px\" \/>\t\t\t\t\t\t\t\t<\/a>\n\t\t\t\t\t\t\t\t\t\t\t\t\t\t\t<\/div>\n\t\t\t\t<\/div>\n\t\t\t\t<\/div>\n\t\t\t\t\t<\/div>\n\t\t\t\t<\/div>\n\t\t<div class=\"elementor-element elementor-element-985c253 e-flex e-con-boxed parallax_section_no qode_elementor_container_no e-con e-parent\" data-id=\"985c253\" data-element_type=\"container\" data-e-type=\"container\">\n\t\t\t\t\t<div class=\"e-con-inner\">\n\t\t<div class=\"elementor-element elementor-element-e7f38a6 e-con-full e-flex parallax_section_no qode_elementor_container_no e-con e-child\" data-id=\"e7f38a6\" data-element_type=\"container\" data-e-type=\"container\">\n\t\t\t\t<div class=\"elementor-element elementor-element-2eeea8a elementor-widget elementor-widget-image\" data-id=\"2eeea8a\" data-element_type=\"widget\" data-e-type=\"widget\" data-widget_type=\"image.default\">\n\t\t\t\t<div class=\"elementor-widget-container\">\n\t\t\t\t\t\t\t\t\t\t\t\t\t\t\t\t<a href=\"https:\/\/i0.wp.com\/marviajes.com.py\/wp-content\/uploads\/2025\/09\/Lollapalooza-Marzo-2026.jpeg\" data-elementor-open-lightbox=\"yes\" data-elementor-lightbox-title=\"Lollapalooza - Marzo 2026\" data-e-action-hash=\"#elementor-action%3Aaction%3Dlightbox%26settings%3DeyJpZCI6MjAzNywidXJsIjoiaHR0cHM6XC9cL21hcnZpYWplcy5jb20ucHlcL3dwLWNvbnRlbnRcL3VwbG9hZHNcLzIwMjVcLzA5XC9Mb2xsYXBhbG9vemEtTWFyem8tMjAyNi5qcGVnIn0%3D\">\n\t\t\t\t\t\t\t<img decoding=\"async\" width=\"500\" height=\"500\" src=\"https:\/\/i0.wp.com\/marviajes.com.py\/wp-content\/uploads\/2025\/09\/Lollapalooza-Marzo-2026.jpeg?resize=500%2C500&amp;ssl=1\" class=\"attachment-portfolio_masonry_regular size-portfolio_masonry_regular wp-image-2037\" alt=\"\" srcset=\"https:\/\/i0.wp.com\/marviajes.com.py\/wp-content\/uploads\/2025\/09\/Lollapalooza-Marzo-2026.jpeg?resize=150%2C150&amp;ssl=1 150w, https:\/\/i0.wp.com\/marviajes.com.py\/wp-content\/uploads\/2025\/09\/Lollapalooza-Marzo-2026.jpeg?resize=570%2C570&amp;ssl=1 570w, https:\/\/i0.wp.com\/marviajes.com.py\/wp-content\/uploads\/2025\/09\/Lollapalooza-Marzo-2026.jpeg?resize=500%2C500&amp;ssl=1 500w, https:\/\/i0.wp.com\/marviajes.com.py\/wp-content\/uploads\/2025\/09\/Lollapalooza-Marzo-2026.jpeg?resize=650%2C650&amp;ssl=1 650w\" sizes=\"(max-width: 500px) 100vw, 500px\" \/>\t\t\t\t\t\t\t\t<\/a>\n\t\t\t\t\t\t\t\t\t\t\t\t\t\t\t<\/div>\n\t\t\t\t<\/div>\n\t\t\t\t<\/div>\n\t\t<div class=\"elementor-element elementor-element-5ba0df2 e-con-full e-flex parallax_section_no qode_elementor_container_no e-con e-child\" data-id=\"5ba0df2\" data-element_type=\"container\" data-e-type=\"container\">\n\t\t\t\t<div class=\"elementor-element elementor-element-63163a2 elementor-widget elementor-widget-image\" data-id=\"63163a2\" data-element_type=\"widget\" data-e-type=\"widget\" data-widget_type=\"image.default\">\n\t\t\t\t<div class=\"elementor-widget-container\">\n\t\t\t\t\t\t\t\t\t\t\t\t\t\t\t\t<a href=\"https:\/\/i0.wp.com\/marviajes.com.py\/wp-content\/uploads\/2025\/07\/LinkinPark.jpeg\" data-elementor-open-lightbox=\"yes\" data-elementor-lightbox-title=\"LinkinPark\" data-e-action-hash=\"#elementor-action%3Aaction%3Dlightbox%26settings%3DeyJpZCI6MjAwNCwidXJsIjoiaHR0cHM6XC9cL21hcnZpYWplcy5jb20ucHlcL3dwLWNvbnRlbnRcL3VwbG9hZHNcLzIwMjVcLzA3XC9MaW5raW5QYXJrLmpwZWcifQ%3D%3D\">\n\t\t\t\t\t\t\t<img loading=\"lazy\" decoding=\"async\" width=\"500\" height=\"500\" src=\"https:\/\/i0.wp.com\/marviajes.com.py\/wp-content\/uploads\/2025\/07\/LinkinPark.jpeg?resize=500%2C500&amp;ssl=1\" class=\"attachment-portfolio_masonry_regular size-portfolio_masonry_regular wp-image-2004\" alt=\"\" srcset=\"https:\/\/i0.wp.com\/marviajes.com.py\/wp-content\/uploads\/2025\/07\/LinkinPark.jpeg?resize=150%2C150&amp;ssl=1 150w, https:\/\/i0.wp.com\/marviajes.com.py\/wp-content\/uploads\/2025\/07\/LinkinPark.jpeg?resize=570%2C570&amp;ssl=1 570w, https:\/\/i0.wp.com\/marviajes.com.py\/wp-content\/uploads\/2025\/07\/LinkinPark.jpeg?resize=500%2C500&amp;ssl=1 500w, https:\/\/i0.wp.com\/marviajes.com.py\/wp-content\/uploads\/2025\/07\/LinkinPark.jpeg?resize=650%2C650&amp;ssl=1 650w\" sizes=\"(max-width: 500px) 100vw, 500px\" \/>\t\t\t\t\t\t\t\t<\/a>\n\t\t\t\t\t\t\t\t\t\t\t\t\t\t\t<\/div>\n\t\t\t\t<\/div>\n\t\t\t\t<\/div>\n\t\t\t\t\t<\/div>\n\t\t\t\t<\/div>\n\t\t\t\t<\/div>\n\t\t","protected":false},"excerpt":{"rendered":"<p>Viaj\u00e1 a los mejores CONCIERTOS v\u00eda a\u00e9rea \u2708 \u00a1Lleg\u00f3 tu oportunidad de viajar al mejor precio, al concierto de tu artista favorito! Para ver a las grandes estrellas internacionales\u00a0 en los escenarios m\u00e1s grandes del mundo y con miles de fans.<\/p>\n","protected":false},"author":1,"featured_media":1034,"parent":1032,"menu_order":0,"comment_status":"closed","ping_status":"closed","template":"","meta":{"footnotes":""},"class_list":["post-1138","page","type-page","status-publish","has-post-thumbnail","hentry"],"_links":{"self":[{"href":"https:\/\/marviajes.com.py\/index.php\/wp-json\/wp\/v2\/pages\/1138","targetHints":{"allow":["GET"]}}],"collection":[{"href":"https:\/\/marviajes.com.py\/index.php\/wp-json\/wp\/v2\/pages"}],"about":[{"href":"https:\/\/marviajes.com.py\/index.php\/wp-json\/wp\/v2\/types\/page"}],"author":[{"embeddable":true,"href":"https:\/\/marviajes.com.py\/index.php\/wp-json\/wp\/v2\/users\/1"}],"replies":[{"embeddable":true,"href":"https:\/\/marviajes.com.py\/index.php\/wp-json\/wp\/v2\/comments?post=1138"}],"version-history":[{"count":28,"href":"https:\/\/marviajes.com.py\/index.php\/wp-json\/wp\/v2\/pages\/1138\/revisions"}],"predecessor-version":[{"id":2040,"href":"https:\/\/marviajes.com.py\/index.php\/wp-json\/wp\/v2\/pages\/1138\/revisions\/2040"}],"up":[{"embeddable":true,"href":"https:\/\/marviajes.com.py\/index.php\/wp-json\/wp\/v2\/pages\/1032"}],"wp:featuredmedia":[{"embeddable":true,"href":"https:\/\/marviajes.com.py\/index.php\/wp-json\/wp\/v2\/media\/1034"}],"wp:attachment":[{"href":"https:\/\/marviajes.com.py\/index.php\/wp-json\/wp\/v2\/media?parent=1138"}],"curies":[{"name":"wp","href":"https:\/\/api.w.org\/{rel}","templated":true}]}}