{"id":1118,"date":"2025-01-08T17:00:00","date_gmt":"2025-01-08T16:00:00","guid":{"rendered":"https:\/\/marviajes.com.py\/?page_id=1118"},"modified":"2025-01-08T17:08:04","modified_gmt":"2025-01-08T16:08:04","slug":"argentina-terrestre","status":"publish","type":"page","link":"https:\/\/marviajes.com.py\/index.php\/destinos\/argentina\/argentina-terrestre\/","title":{"rendered":"ARGENTINA terrestre"},"content":{"rendered":"\t\t<div data-elementor-type=\"wp-page\" data-elementor-id=\"1118\" class=\"elementor elementor-1118\">\n\t\t\t\t<div class=\"elementor-element elementor-element-667483e e-flex e-con-boxed parallax_section_no qode_elementor_container_no e-con e-parent\" data-id=\"667483e\" data-element_type=\"container\" data-e-type=\"container\">\n\t\t\t\t\t<div class=\"e-con-inner\">\n\t\t<div class=\"elementor-element elementor-element-f274459 e-con-full e-flex parallax_section_no qode_elementor_container_no e-con e-child\" data-id=\"f274459\" data-element_type=\"container\" data-e-type=\"container\">\n\t\t\t\t<\/div>\n\t\t<div class=\"elementor-element elementor-element-9ebb0c1 e-con-full e-flex parallax_section_no qode_elementor_container_no e-con e-child\" data-id=\"9ebb0c1\" data-element_type=\"container\" data-e-type=\"container\">\n\t\t\t\t<div class=\"elementor-element elementor-element-fd653ba elementor-widget elementor-widget-qi_addons_for_elementor_section_title\" data-id=\"fd653ba\" data-element_type=\"widget\" data-e-type=\"widget\" data-widget_type=\"qi_addons_for_elementor_section_title.default\">\n\t\t\t\t<div class=\"elementor-widget-container\">\n\t\t\t\t\t<div class=\"qodef-shortcode qodef-m qodef-qi-section-title qodef-decoration--italic qodef-link--underline-draw qodef-subtitle-icon--left\">\n\t\t\t\t<h5 class=\"qodef-m-subtitle\">\n\t\tConoc\u00e9 lo mejor de\t\t\t<\/h5>\n\t\t\t<h2 class=\"qodef-m-title\">\n\t\tARGENTINA v\u00eda Terrestre \ud83d\ude8c\t<\/h2>\n\t\t\t<div class=\"qodef-m-text\"><p style=\"text-align: justify\">Nos complace invitarlos a descubrir la maravillosa diversidad de Argentina. Durante su viaje, tendr\u00e1n la oportunidad de explorar la majestuosidad de los paisajes de nieve en Bariloche, la experiencia \u00fanica en la regi\u00f3n vin\u00edcola de Mendoza, famosa por sus deliciosos vinos. Y por supuesto la fascinante ciudad de Buenos Aires,\u00a0 conocida por su arquitectura elegante, animada vida cultural y su pasi\u00f3n por el tango.\u00a0<\/p><\/div>\n\t<\/div>\n\t\t\t\t<\/div>\n\t\t\t\t<\/div>\n\t\t\t\t<\/div>\n\t\t<div class=\"elementor-element elementor-element-ba2937a e-con-full e-flex parallax_section_no qode_elementor_container_no e-con e-child\" data-id=\"ba2937a\" data-element_type=\"container\" data-e-type=\"container\">\n\t\t\t\t<\/div>\n\t\t\t\t\t<\/div>\n\t\t\t\t<\/div>\n\t\t<div class=\"elementor-element elementor-element-10e15ca e-flex e-con-boxed parallax_section_no qode_elementor_container_no e-con e-parent\" data-id=\"10e15ca\" data-element_type=\"container\" data-e-type=\"container\">\n\t\t\t\t\t<div class=\"e-con-inner\">\n\t\t<div class=\"elementor-element elementor-element-8984a77 e-con-full e-flex parallax_section_no qode_elementor_container_no e-con e-child\" data-id=\"8984a77\" data-element_type=\"container\" data-e-type=\"container\">\n\t\t\t\t<\/div>\n\t\t<div class=\"elementor-element elementor-element-ccf3501 e-con-full e-flex parallax_section_no qode_elementor_container_no e-con e-child\" data-id=\"ccf3501\" data-element_type=\"container\" data-e-type=\"container\">\n\t\t\t\t<\/div>\n\t\t<div class=\"elementor-element elementor-element-1f6a770 e-con-full e-flex parallax_section_no qode_elementor_container_no e-con e-child\" data-id=\"1f6a770\" data-element_type=\"container\" data-e-type=\"container\">\n\t\t\t\t<\/div>\n\t\t\t\t\t<\/div>\n\t\t\t\t<\/div>\n\t\t<div class=\"elementor-element elementor-element-9a78984 e-flex e-con-boxed parallax_section_no qode_elementor_container_no e-con e-parent\" data-id=\"9a78984\" data-element_type=\"container\" data-e-type=\"container\">\n\t\t\t\t\t<div class=\"e-con-inner\">\n\t\t\t\t<div class=\"elementor-element elementor-element-42839b3 elementor-widget elementor-widget-text-editor\" data-id=\"42839b3\" data-element_type=\"widget\" data-e-type=\"widget\" data-widget_type=\"text-editor.default\">\n\t\t\t\t<div class=\"elementor-widget-container\">\n\t\t\t\t\t\t\t\t\t<p><a href=\"https:\/\/marviajes.com.py\/\">VOLVER AL INICIO<\/a><\/p>\t\t\t\t\t\t\t\t<\/div>\n\t\t\t\t<\/div>\n\t\t\t\t\t<\/div>\n\t\t\t\t<\/div>\n\t\t\t\t<\/div>\n\t\t","protected":false},"excerpt":{"rendered":"<p>Conoc\u00e9 lo mejor de ARGENTINA v\u00eda Terrestre \ud83d\ude8c Nos complace invitarlos a descubrir la maravillosa diversidad de Argentina. Durante su viaje, tendr\u00e1n la oportunidad de explorar la majestuosidad de los paisajes de nieve en Bariloche, la experiencia \u00fanica en la regi\u00f3n vin\u00edcola de Mendoza, famosa&#8230;<\/p>\n","protected":false},"author":1,"featured_media":717,"parent":1105,"menu_order":0,"comment_status":"closed","ping_status":"closed","template":"","meta":{"footnotes":""},"class_list":["post-1118","page","type-page","status-publish","has-post-thumbnail","hentry"],"_links":{"self":[{"href":"https:\/\/marviajes.com.py\/index.php\/wp-json\/wp\/v2\/pages\/1118","targetHints":{"allow":["GET"]}}],"collection":[{"href":"https:\/\/marviajes.com.py\/index.php\/wp-json\/wp\/v2\/pages"}],"about":[{"href":"https:\/\/marviajes.com.py\/index.php\/wp-json\/wp\/v2\/types\/page"}],"author":[{"embeddable":true,"href":"https:\/\/marviajes.com.py\/index.php\/wp-json\/wp\/v2\/users\/1"}],"replies":[{"embeddable":true,"href":"https:\/\/marviajes.com.py\/index.php\/wp-json\/wp\/v2\/comments?post=1118"}],"version-history":[{"count":4,"href":"https:\/\/marviajes.com.py\/index.php\/wp-json\/wp\/v2\/pages\/1118\/revisions"}],"predecessor-version":[{"id":1123,"href":"https:\/\/marviajes.com.py\/index.php\/wp-json\/wp\/v2\/pages\/1118\/revisions\/1123"}],"up":[{"embeddable":true,"href":"https:\/\/marviajes.com.py\/index.php\/wp-json\/wp\/v2\/pages\/1105"}],"wp:featuredmedia":[{"embeddable":true,"href":"https:\/\/marviajes.com.py\/index.php\/wp-json\/wp\/v2\/media\/717"}],"wp:attachment":[{"href":"https:\/\/marviajes.com.py\/index.php\/wp-json\/wp\/v2\/media?parent=1118"}],"curies":[{"name":"wp","href":"https:\/\/api.w.org\/{rel}","templated":true}]}}